{"id":10,"date":"2013-06-08T19:31:35","date_gmt":"2013-06-08T17:31:35","guid":{"rendered":"http:\/\/fwg-srv.de\/neu\/?page_id=10"},"modified":"2025-07-08T10:27:24","modified_gmt":"2025-07-08T08:27:24","slug":"fahrten","status":"publish","type":"page","link":"https:\/\/fwg-srv.de\/?page_id=10","title":{"rendered":"M\u00f6hneseefahrt"},"content":{"rendered":"\t\t<div data-elementor-type=\"wp-page\" data-elementor-id=\"10\" class=\"elementor elementor-10\">\n\t\t\t\t\t\t<section class=\"elementor-section elementor-top-section elementor-element elementor-element-2aab53e9 elementor-section-boxed elementor-section-height-default elementor-section-height-default\" data-id=\"2aab53e9\" data-element_type=\"section\" data-e-type=\"section\">\n\t\t\t\t\t\t<div class=\"elementor-container elementor-column-gap-default\">\n\t\t\t\t\t<div class=\"elementor-column elementor-col-100 elementor-top-column elementor-element elementor-element-68b8759\" data-id=\"68b8759\" data-element_type=\"column\" data-e-type=\"column\" data-settings=\"{&quot;background_background&quot;:&quot;classic&quot;}\">\n\t\t\t<div class=\"elementor-widget-wrap elementor-element-populated\">\n\t\t\t\t\t\t<div class=\"elementor-element elementor-element-26461b27 elementor-widget elementor-widget-text-editor\" data-id=\"26461b27\" data-element_type=\"widget\" data-e-type=\"widget\" data-widget_type=\"text-editor.default\">\n\t\t\t\t<div class=\"elementor-widget-container\">\n\t\t\t\t\t\t\t\t\t<p>Jedes Jahr nach den Sommerferien f\u00e4hrt der Ruderverein zum M\u00f6hnesee.<br \/>Die M\u00f6hneseefahrt findet dieses Jahr vom<strong> 27-30.08.2025<\/strong>\u00a0statt!<\/p><p>Am <strong>24.08.2025 <\/strong>treffen wir uns um 15:00 Uhr beim K\u00f6lner Ruderverein um die Boote zu verladen.<\/p><p><a title=\"Anmeldung zur M\u00f6hneseefahrt 2025\" href=\"https:\/\/fwg-srv.de\/wp-content\/uploads\/2025\/06\/Anmeldung-Moehneseefahrt-2025.pdf\" target=\"_blank\" rel=\"noopener noreferrer\">Anmeldung zur M\u00f6hneseefahrt 2025<\/a><\/p><p><a title=\"Information zur M\u00f6hneseefahrt 2025\" href=\"https:\/\/fwg-srv.de\/wp-content\/uploads\/2025\/07\/Elterninformation-Moehneseefahrt-2025.pdf\" target=\"_blank\" rel=\"noopener noreferrer\">Information zur M\u00f6hneseefahrt 2025<\/a><br \/><!-- --><\/p><p style=\"text-align: justify;\">Es bestehen viele M\u00f6glichkeiten f\u00fcr die sportlichen Aktivit\u00e4ten neben dem Rudern wie z.B. die Volleyballanlage, Tischtennisplatten, Kicker und vieles mehr. Au\u00dferdem ist ein Fu\u00dfballplatz in unmittelbarer N\u00e4he vorhanden. Wer lieber entspannen m\u00f6chte, kann den Badestrand mit gro\u00dfer Liegewiese direkt am Haus genie\u00dfen.<\/p><p><a href=\"dokumente\/hausgelaendeordnung.pdf\" target=\"_blank\" rel=\"noopener noreferrer\">Haus- und Gel\u00e4ndeordnung unserer Unterkunft<\/a><\/p><p><img decoding=\"async\" src=\"wp-content\/uploads\/2014\/02\/msee.jpg\" alt=\"M\u00f6hnesee\" width=\"100%\" \/><\/p><p>Zu\u00a0<a href=\"https:\/\/fwg-srv.de\/?tag=moehnesee\">Berichte der vergangenen M\u00f6hneseefahrten<\/a><\/p><p><strong>Unser Lager am M\u00f6hnesee:<\/strong><br \/>Segelstr. 6-8<br \/>59519 M\u00f6hnesee<br \/>Telefon: 02924-430<br \/><code><br \/>\n<iframe src=\"https:\/\/maps.google.de\/maps?f=q&amp;source=s_q&amp;hl=de&amp;geocode=&amp;q=archilandheim+soest&amp;aq=&amp;sll=51.427085,7.663989&amp;sspn=5.748224,9.876709&amp;ie=UTF8&amp;hq=archilandheim&amp;hnear=Soest,+Arnsberg,+Nordrhein-Westfalen&amp;ll=51.491304,8.085606&amp;spn=0.179392,0.308647&amp;t=m&amp;z=12&amp;iwloc=A&amp;cid=1376705938582768069&amp;output=embed\" width=\"100%\" height=\"350\" frameborder=\"0\" marginwidth=\"0\" marginheight=\"0\" scrolling=\"no\"><\/iframe><br \/><small><a style=\"color: #0000ff; text-align: left;\" href=\"https:\/\/maps.google.de\/maps?f=q&amp;source=embed&amp;hl=de&amp;geocode=&amp;q=archilandheim+soest&amp;aq=&amp;sll=51.427085,7.663989&amp;sspn=5.748224,9.876709&amp;ie=UTF8&amp;hq=archilandheim&amp;hnear=Soest,+Arnsberg,+Nordrhein-Westfalen&amp;ll=51.491304,8.085606&amp;spn=0.179392,0.308647&amp;t=m&amp;z=12&amp;iwloc=A&amp;cid=1376705938582768069\">Gr\u00f6\u00dfere Kartenansicht<\/a><\/small><br \/><\/code><\/p>\t\t\t\t\t\t\t\t<\/div>\n\t\t\t\t<\/div>\n\t\t\t\t\t<\/div>\n\t\t<\/div>\n\t\t\t\t\t<\/div>\n\t\t<\/section>\n\t\t\t\t<\/div>\n\t\t","protected":false},"excerpt":{"rendered":"<p>Jedes Jahr nach den Sommerferien f\u00e4hrt der Ruderverein zum M\u00f6hnesee.Die M\u00f6hneseefahrt findet dieses Jahr vom 27-30.08.2025\u00a0statt! Am 24.08.2025 treffen wir uns um 15:00 Uhr beim K\u00f6lner Ruderverein um die Boote zu verladen. Anmeldung zur M\u00f6hneseefahrt 2025 Information zur M\u00f6hneseefahrt 2025 Es bestehen viele M\u00f6glichkeiten f\u00fcr die sportlichen Aktivit\u00e4ten neben dem Rudern wie z.B. die Volleyballanlage,&hellip;&nbsp;<a href=\"https:\/\/fwg-srv.de\/?page_id=10\" rel=\"bookmark\">Weiterlesen &raquo;<span class=\"screen-reader-text\">M\u00f6hneseefahrt<\/span><\/a><\/p>\n","protected":false},"author":1,"featured_media":0,"parent":0,"menu_order":4,"comment_status":"closed","ping_status":"closed","template":"","meta":{"neve_meta_sidebar":"","neve_meta_container":"","neve_meta_enable_content_width":"","neve_meta_content_width":0,"neve_meta_title_alignment":"","neve_meta_author_avatar":"","neve_post_elements_order":"","neve_meta_disable_header":"","neve_meta_disable_footer":"","neve_meta_disable_title":"","_themeisle_gutenberg_block_has_review":false,"jetpack_post_was_ever_published":false,"footnotes":""},"class_list":["post-10","page","type-page","status-publish","hentry"],"jetpack_shortlink":"https:\/\/wp.me\/Pa4eQF-a","jetpack_sharing_enabled":true,"_links":{"self":[{"href":"https:\/\/fwg-srv.de\/index.php?rest_route=\/wp\/v2\/pages\/10","targetHints":{"allow":["GET"]}}],"collection":[{"href":"https:\/\/fwg-srv.de\/index.php?rest_route=\/wp\/v2\/pages"}],"about":[{"href":"https:\/\/fwg-srv.de\/index.php?rest_route=\/wp\/v2\/types\/page"}],"author":[{"embeddable":true,"href":"https:\/\/fwg-srv.de\/index.php?rest_route=\/wp\/v2\/users\/1"}],"replies":[{"embeddable":true,"href":"https:\/\/fwg-srv.de\/index.php?rest_route=%2Fwp%2Fv2%2Fcomments&post=10"}],"version-history":[{"count":0,"href":"https:\/\/fwg-srv.de\/index.php?rest_route=\/wp\/v2\/pages\/10\/revisions"}],"wp:attachment":[{"href":"https:\/\/fwg-srv.de\/index.php?rest_route=%2Fwp%2Fv2%2Fmedia&parent=10"}],"curies":[{"name":"wp","href":"https:\/\/api.w.org\/{rel}","templated":true}]}}