{"id":12,"date":"2013-06-08T19:31:57","date_gmt":"2013-06-08T17:31:57","guid":{"rendered":"http:\/\/fwg-srv.de\/neu\/?page_id=12"},"modified":"2025-09-23T14:44:56","modified_gmt":"2025-09-23T12:44:56","slug":"downloads","status":"publish","type":"page","link":"https:\/\/fwg-srv.de\/?page_id=12","title":{"rendered":"Downloads"},"content":{"rendered":"\t\t<div data-elementor-type=\"wp-page\" data-elementor-id=\"12\" class=\"elementor elementor-12\">\n\t\t\t\t\t\t<section class=\"elementor-section elementor-top-section elementor-element elementor-element-d2ad9a6 elementor-section-boxed elementor-section-height-default elementor-section-height-default\" data-id=\"d2ad9a6\" data-element_type=\"section\" data-e-type=\"section\" data-settings=\"{&quot;background_background&quot;:&quot;classic&quot;}\">\n\t\t\t\t\t\t<div class=\"elementor-container elementor-column-gap-default\">\n\t\t\t\t\t<div class=\"elementor-column elementor-col-100 elementor-top-column elementor-element elementor-element-1ce86515\" data-id=\"1ce86515\" data-element_type=\"column\" data-e-type=\"column\">\n\t\t\t<div class=\"elementor-widget-wrap elementor-element-populated\">\n\t\t\t\t\t\t<div class=\"elementor-element elementor-element-2348f884 elementor-widget elementor-widget-text-editor\" data-id=\"2348f884\" data-element_type=\"widget\" data-e-type=\"widget\" data-widget_type=\"text-editor.default\">\n\t\t\t\t<div class=\"elementor-widget-container\">\n\t\t\t\t\t\t\t\t\t<p><a title=\"Anmeldung Ruderverein SRV am FWG\" href=\"https:\/\/fwg-srv.de\/wp-content\/uploads\/2023\/05\/SRV_Beitritt_2023.pdf\" target=\"_blank\" rel=\"noopener noreferrer\">Anmeldung Ruderverein (Beitrittserkl\u00e4rung)<\/a><\/p><p><a title=\"Einverst\u00e4ndniserkl\u00e4rung Fotos\" href=\"https:\/\/fwg-srv.de\/wp-content\/uploads\/2023\/05\/Fotos-2023.pdf\" target=\"_blank\" rel=\"noopener noreferrer\">Einverst\u00e4ndniserkl\u00e4rung Fotos<\/a><\/p><p><a title=\"Bestellformular SRV Kollektion\" href=\"https:\/\/fwg-srv.de\/wp-content\/uploads\/2025\/09\/Bestellformular-Ruderkleidung-2025.pdf\" target=\"_blank\" rel=\"noopener noreferrer\">Bestellformular SRV Kollektion 2025<\/a><\/p><p><a title=\"Beitritt F\u00f6rderverein des SRV FWG\" href=\"https:\/\/fwg-srv.de\/wp-content\/uploads\/2019\/09\/Beitritt-FSRV.pdf\" target=\"_blank\" rel=\"noopener noreferrer\">Beitritt F\u00f6rderverein des SRV<\/a><\/p><p><a title=\"Regeln am Decksteiner Weiher\" href=\"dokumente\/Regeln_am_Decksteiner_Weiher.pdf\" target=\"_blank\" rel=\"noopener noreferrer\">Regeln am Decksteiner Weiher<\/a><\/p><p><a style=\"line-height: 1.7;\" title=\"Grundkurs-Rudern\" href=\"https:\/\/fwg-srv.de\/wp-content\/uploads\/2019\/09\/Grundkurs-Rudern-Grabow_190601.pdf\" target=\"_blank\" rel=\"noopener noreferrer\">Grundkurs-Rudern<\/a><\/p><p><a title=\"Satzung SRV FWG\" href=\"wp-content\/uploads\/2013\/06\/Satzung-SRV-2013.pdf\">Satzung des SRVs am FWG<\/a><\/p><p><a title=\"10 Goldene Regeln f\u00fcr das Verhalten von Wassersportlern in der Natur\" href=\"https:\/\/fwg-srv.de\/wp-content\/uploads\/2023\/08\/10_goldene_regeln.pdf\" target=\"_blank\" rel=\"noopener noreferrer\">10 Goldene Regeln f\u00fcr das Verhalten von Wassersportlern in der Natur<\/a><\/p>\t\t\t\t\t\t\t\t<\/div>\n\t\t\t\t<\/div>\n\t\t\t\t\t<\/div>\n\t\t<\/div>\n\t\t\t\t\t<\/div>\n\t\t<\/section>\n\t\t\t\t<\/div>\n\t\t","protected":false},"excerpt":{"rendered":"<p>Anmeldung Ruderverein (Beitrittserkl\u00e4rung) Einverst\u00e4ndniserkl\u00e4rung Fotos Bestellformular SRV Kollektion 2025 Beitritt F\u00f6rderverein des SRV Regeln am Decksteiner Weiher Grundkurs-Rudern Satzung des SRVs am FWG 10 Goldene Regeln f\u00fcr das Verhalten von Wassersportlern in der Natur<\/p>\n","protected":false},"author":1,"featured_media":0,"parent":0,"menu_order":5,"comment_status":"closed","ping_status":"closed","template":"","meta":{"neve_meta_sidebar":"","neve_meta_container":"","neve_meta_enable_content_width":"","neve_meta_content_width":0,"neve_meta_title_alignment":"","neve_meta_author_avatar":"","neve_post_elements_order":"","neve_meta_disable_header":"","neve_meta_disable_footer":"","neve_meta_disable_title":"","_themeisle_gutenberg_block_has_review":false,"jetpack_post_was_ever_published":false,"footnotes":""},"class_list":["post-12","page","type-page","status-publish","hentry"],"jetpack_shortlink":"https:\/\/wp.me\/Pa4eQF-c","jetpack_sharing_enabled":true,"_links":{"self":[{"href":"https:\/\/fwg-srv.de\/index.php?rest_route=\/wp\/v2\/pages\/12","targetHints":{"allow":["GET"]}}],"collection":[{"href":"https:\/\/fwg-srv.de\/index.php?rest_route=\/wp\/v2\/pages"}],"about":[{"href":"https:\/\/fwg-srv.de\/index.php?rest_route=\/wp\/v2\/types\/page"}],"author":[{"embeddable":true,"href":"https:\/\/fwg-srv.de\/index.php?rest_route=\/wp\/v2\/users\/1"}],"replies":[{"embeddable":true,"href":"https:\/\/fwg-srv.de\/index.php?rest_route=%2Fwp%2Fv2%2Fcomments&post=12"}],"version-history":[{"count":0,"href":"https:\/\/fwg-srv.de\/index.php?rest_route=\/wp\/v2\/pages\/12\/revisions"}],"wp:attachment":[{"href":"https:\/\/fwg-srv.de\/index.php?rest_route=%2Fwp%2Fv2%2Fmedia&parent=12"}],"curies":[{"name":"wp","href":"https:\/\/api.w.org\/{rel}","templated":true}]}}