{"id":15,"date":"2013-06-08T19:33:08","date_gmt":"2013-06-08T17:33:08","guid":{"rendered":"http:\/\/fwg-srv.de\/neu\/?page_id=15"},"modified":"2021-12-22T15:49:37","modified_gmt":"2021-12-22T14:49:37","slug":"impressum","status":"publish","type":"page","link":"https:\/\/fwg-srv.de\/?page_id=15","title":{"rendered":"Impressum"},"content":{"rendered":"\t\t<div data-elementor-type=\"wp-page\" data-elementor-id=\"15\" class=\"elementor elementor-15\">\n\t\t\t\t\t\t<section class=\"elementor-section elementor-top-section elementor-element elementor-element-4a5a735d elementor-section-boxed elementor-section-height-default elementor-section-height-default\" data-id=\"4a5a735d\" data-element_type=\"section\" data-e-type=\"section\" data-settings=\"{&quot;background_background&quot;:&quot;classic&quot;}\">\n\t\t\t\t\t\t<div class=\"elementor-container elementor-column-gap-default\">\n\t\t\t\t\t<div class=\"elementor-column elementor-col-100 elementor-top-column elementor-element elementor-element-73db2b9\" data-id=\"73db2b9\" data-element_type=\"column\" data-e-type=\"column\">\n\t\t\t<div class=\"elementor-widget-wrap elementor-element-populated\">\n\t\t\t\t\t\t<div class=\"elementor-element elementor-element-3e109f3e elementor-widget elementor-widget-text-editor\" data-id=\"3e109f3e\" data-element_type=\"widget\" data-e-type=\"widget\" data-widget_type=\"text-editor.default\">\n\t\t\t\t<div class=\"elementor-widget-container\">\n\t\t\t\t\t\t\t\t\t<p>Betreiber: Homepage des <a title=\"Sch\u00fclerruderverein des Friedrich-Wilhelm Gymnasiums\" href=\"https:\/\/fwg-srv.de\" rel=\"home\">Sch\u00fclerruderverein des Friedrich-Wilhelm-Gymnasiums<\/a>\u00a0K\u00f6ln<br \/>Severinstrasse 241<br \/>50676 K\u00f6ln<\/p><p>Kontakt:<br \/><a href=\"mailto:webmaster@fwg-srv.de\">webmaster@fwg-srv.de<\/a><\/p><p>Copyright \u00a9\u00a0\u00a0Sch\u00fclerruderverein am Friedrich-Wilhelm-Gymnasium zu K\u00f6ln von 1921<\/p><p style=\"text-align: justify;\">Die Inhalte dieser Site sind urheberrechtlich gesch\u00fctzt. Sollten Sie Texte, Fotos und Abbildungen verwenden wollen, so setzen Sie sich bitte vorab mit uns in Verbindung.<\/p><p>Rechtsausschluss<\/p><p style=\"text-align: justify;\">Externe Links Mit Urteil vom 12. Mai 1998 &#8211; 312 0 85\/98 &#8211; &#8222;Haftung f\u00fcr Links&#8220; hat das Landgericht (LG) in Hamburg entschieden, dass man durch die Anbringung eines Links die Inhalte der gelinkten Seite ggf. mit zu verantworten hat. Dies kann &#8211; so das LG &#8211; nur dadurch verhindert werden, dass der Betreiber einer Website sich ausdr\u00fccklich von diesen Inhalten distanziert. Wir weisen daher ausdr\u00fccklich darauf hin, dass wir uns von den Inhalten dieser Websites distanzieren. Wir \u00fcbernehmen keine Haftung f\u00fcr die Richtigkeit, Wahrheit und Aktualit\u00e4t des dort vorhandenen Text- und Bildmaterials.<\/p><p>Zur <a href=\"https:\/\/fwg-srv.de\/?page_id=3683\">Datenschutzerkl\u00e4rung<\/a><\/p>\t\t\t\t\t\t\t\t<\/div>\n\t\t\t\t<\/div>\n\t\t\t\t\t<\/div>\n\t\t<\/div>\n\t\t\t\t\t<\/div>\n\t\t<\/section>\n\t\t\t\t<\/div>\n\t\t","protected":false},"excerpt":{"rendered":"<p>Betreiber: Homepage des Sch\u00fclerruderverein des Friedrich-Wilhelm-Gymnasiums\u00a0K\u00f6lnSeverinstrasse 24150676 K\u00f6ln Kontakt:webmaster@fwg-srv.de Copyright \u00a9\u00a0\u00a0Sch\u00fclerruderverein am Friedrich-Wilhelm-Gymnasium zu K\u00f6ln von 1921 Die Inhalte dieser Site sind urheberrechtlich gesch\u00fctzt. Sollten Sie Texte, Fotos und Abbildungen verwenden wollen, so setzen Sie sich bitte vorab mit uns in Verbindung. Rechtsausschluss Externe Links Mit Urteil vom 12. Mai 1998 &#8211; 312 0 85\/98&hellip;&nbsp;<a href=\"https:\/\/fwg-srv.de\/?page_id=15\" rel=\"bookmark\">Weiterlesen &raquo;<span class=\"screen-reader-text\">Impressum<\/span><\/a><\/p>\n","protected":false},"author":1,"featured_media":0,"parent":46,"menu_order":7,"comment_status":"closed","ping_status":"closed","template":"","meta":{"neve_meta_sidebar":"","neve_meta_container":"","neve_meta_enable_content_width":"","neve_meta_content_width":0,"neve_meta_title_alignment":"","neve_meta_author_avatar":"","neve_post_elements_order":"","neve_meta_disable_header":"","neve_meta_disable_footer":"","neve_meta_disable_title":"","_themeisle_gutenberg_block_has_review":false,"jetpack_post_was_ever_published":false,"footnotes":""},"class_list":["post-15","page","type-page","status-publish","hentry"],"jetpack_shortlink":"https:\/\/wp.me\/Pa4eQF-f","jetpack_sharing_enabled":true,"_links":{"self":[{"href":"https:\/\/fwg-srv.de\/index.php?rest_route=\/wp\/v2\/pages\/15","targetHints":{"allow":["GET"]}}],"collection":[{"href":"https:\/\/fwg-srv.de\/index.php?rest_route=\/wp\/v2\/pages"}],"about":[{"href":"https:\/\/fwg-srv.de\/index.php?rest_route=\/wp\/v2\/types\/page"}],"author":[{"embeddable":true,"href":"https:\/\/fwg-srv.de\/index.php?rest_route=\/wp\/v2\/users\/1"}],"replies":[{"embeddable":true,"href":"https:\/\/fwg-srv.de\/index.php?rest_route=%2Fwp%2Fv2%2Fcomments&post=15"}],"version-history":[{"count":0,"href":"https:\/\/fwg-srv.de\/index.php?rest_route=\/wp\/v2\/pages\/15\/revisions"}],"up":[{"embeddable":true,"href":"https:\/\/fwg-srv.de\/index.php?rest_route=\/wp\/v2\/pages\/46"}],"wp:attachment":[{"href":"https:\/\/fwg-srv.de\/index.php?rest_route=%2Fwp%2Fv2%2Fmedia&parent=15"}],"curies":[{"name":"wp","href":"https:\/\/api.w.org\/{rel}","templated":true}]}}