{"id":160,"date":"2013-06-11T16:04:39","date_gmt":"2013-06-11T14:04:39","guid":{"rendered":"http:\/\/fwg-srv.de\/neu\/?page_id=160"},"modified":"2022-06-08T19:05:54","modified_gmt":"2022-06-08T17:05:54","slug":"160-2","status":"publish","type":"page","link":"https:\/\/fwg-srv.de\/?page_id=160","title":{"rendered":"\u00dcber uns"},"content":{"rendered":"\t\t<div data-elementor-type=\"wp-page\" data-elementor-id=\"160\" class=\"elementor elementor-160\">\n\t\t\t\t\t\t<section class=\"elementor-section elementor-top-section elementor-element elementor-element-1b98cfb4 elementor-section-boxed elementor-section-height-default elementor-section-height-default\" data-id=\"1b98cfb4\" data-element_type=\"section\" data-e-type=\"section\" data-settings=\"{&quot;background_background&quot;:&quot;classic&quot;}\">\n\t\t\t\t\t\t<div class=\"elementor-container elementor-column-gap-default\">\n\t\t\t\t\t<div class=\"elementor-column elementor-col-100 elementor-top-column elementor-element elementor-element-34a418e7\" data-id=\"34a418e7\" data-element_type=\"column\" data-e-type=\"column\">\n\t\t\t<div class=\"elementor-widget-wrap elementor-element-populated\">\n\t\t\t\t\t\t<div class=\"elementor-element elementor-element-74dbee57 elementor-widget elementor-widget-text-editor\" data-id=\"74dbee57\" data-element_type=\"widget\" data-e-type=\"widget\" data-widget_type=\"text-editor.default\">\n\t\t\t\t<div class=\"elementor-widget-container\">\n\t\t\t\t\t\t\t\t\t<p style=\"text-align: justify;\"><strong>Herzlich willkommen und Ahoi !<\/strong><\/p><p style=\"text-align: justify;\">Im Folgenden wollen wir Euch und Euren Eltern den Sch\u00fclerruderverein am Friedrich-Wilhelm Gymnasium \u00a0vorstellen und einen Einblick in das Vereinsleben und den Ruderbetrieb geben.<br \/>Allem vorweg w\u00fcrden wir Euch gerne den Rudersport selbst vorstellen: Rudern ist eine ausgeglichene Sportart f\u00fcr den ganzen K\u00f6rper. In einer netten Gemeinschaft zusammen zu Rudern f\u00f6rdert den Teamgeist, gewinnt Freunde und macht Spa\u00df.<\/p><p><a href=\"https:\/\/fwg-srv.de\/wp-content\/uploads\/2014\/08\/DSC_1961.jpg\"><img fetchpriority=\"high\" decoding=\"async\" class=\"wp-image-1223 size-large alignnone\" src=\"https:\/\/fwg-srv.de\/wp-content\/uploads\/2014\/08\/DSC_1961-1024x682.jpg\" alt=\"\" width=\"1024\" height=\"682\" srcset=\"https:\/\/fwg-srv.de\/wp-content\/uploads\/2014\/08\/DSC_1961-1024x682.jpg 1024w, https:\/\/fwg-srv.de\/wp-content\/uploads\/2014\/08\/DSC_1961-300x200.jpg 300w, https:\/\/fwg-srv.de\/wp-content\/uploads\/2014\/08\/DSC_1961-800x533.jpg 800w\" sizes=\"(max-width: 1024px) 100vw, 1024px\" \/><\/a><\/p><p style=\"text-align: justify;\"><strong>Wie alt muss ich sein?<\/strong><\/p><p style=\"text-align: justify;\">Am Ende eines jeden Schuljahres gehen wir durch die 6. Klassen, um neue Mitglieder zu werben. Von dort an aufw\u00e4rts bist du als Mitglied im SRV herzlich willkommen. Zudem ist f\u00fcr die Aufnahme in den SRV mindestens das Schwimmabzeichen Bronze notwendig.<\/p><p style=\"text-align: justify;\"><strong>Woher bekomme ich meine Anmeldung?<\/strong><\/p><p style=\"text-align: justify;\">Falls du keine Anmeldung bekommen hast, frag einfach ein Mitglied des Vorstandes oder\u00a0hier auf unserer Homepage.<\/p><p><a title=\"SRV am FWG Beitritt\" href=\"https:\/\/fwg-srv.de\/wp-content\/uploads\/2022\/06\/SRV_Beitritt_2022.pdf\" target=\"_blank\" rel=\"noopener noreferrer\">Anmeldung Ruderverein (Beitrittserkl\u00e4rung)<\/a><\/p><p style=\"text-align: justify;\">Tritt jemand dem Ruderverein bei, so muss er das Rudern nat\u00fcrlich erst einmal erlernen. Hierzu stehen dem Verein erfahrene Lehrer und Sch\u00fcler zur Verf\u00fcgung. W\u00e4hrend dieser Ausbildung wird auch der Letzte merken, dass Rudern ein Wassersport ist; oft genug bekommt man Kontakt mit dem Wasser des <a href=\"index.php?page_id=7#deckstein\" target=\"_blank\" rel=\"noopener noreferrer\">Decksteiner Weihers<\/a>, unserer Ausbildungsst\u00e4tte. Daher bringt bitte immer Wechselsachen mit !!!<\/p><p style=\"text-align: justify;\">Zudem steht uns der Ruderkeller des <a href=\"index.php?page_id=7\" target=\"_blank\" rel=\"noopener noreferrer\">KRVs\u00a0<\/a>zur Verf\u00fcgung.\u00a0Dort hat man die M\u00f6glichkeit, bei einer Lehrstunde in Ruhe das Rudern zu erlernen.<\/p><p><a href=\"https:\/\/fwg-srv.de\/wp-content\/uploads\/2020\/10\/IMG_20200606_182001726-scaled.jpg\"><img decoding=\"async\" class=\"alignnone size-large wp-image-5333\" src=\"https:\/\/fwg-srv.de\/wp-content\/uploads\/2020\/10\/IMG_20200606_182001726-1024x768.jpg\" alt=\"\" width=\"1024\" height=\"768\" srcset=\"https:\/\/fwg-srv.de\/wp-content\/uploads\/2020\/10\/IMG_20200606_182001726-1024x768.jpg 1024w, https:\/\/fwg-srv.de\/wp-content\/uploads\/2020\/10\/IMG_20200606_182001726-300x225.jpg 300w, https:\/\/fwg-srv.de\/wp-content\/uploads\/2020\/10\/IMG_20200606_182001726-768x576.jpg 768w, https:\/\/fwg-srv.de\/wp-content\/uploads\/2020\/10\/IMG_20200606_182001726-1536x1152.jpg 1536w, https:\/\/fwg-srv.de\/wp-content\/uploads\/2020\/10\/IMG_20200606_182001726-2048x1536.jpg 2048w\" sizes=\"(max-width: 1024px) 100vw, 1024px\" \/><\/a><\/p><p style=\"text-align: justify;\">Der SRV am FWG wird vollst\u00e4ndig (mit der wachen und tatkr\u00e4ftigen Unterst\u00fctzung unserer\u00a0 Protektoren\u00a0 Herrn Borris und Herr Wandel sowie unseren Trainern Julia Lauten und Leon Gl\u00f6ckner) von Sch\u00fclerhand geleitet und durchorganisiert. Dazu geh\u00f6ren erlebnisreiche Touren, gesellige Feste, Regatten und vieles mehr\u2026<\/p><p style=\"text-align: justify;\">Wenn man einige Jahre Erfahrung gesammelt hat, kann man den Steuermannsschein erwerben und dann selbstst\u00e4ndig eines der Boote fahren.<\/p><p style=\"text-align: justify;\"><strong>Was kostet die Mitgliedschaft?<\/strong><\/p><p style=\"text-align: justify;\">Der Mitgliedsbeitrag liegt zur Zeit bei 70 Euro pro Jahr.<\/p><p style=\"text-align: justify;\">Eine besonders gute Gelegenheit, den Verein n\u00e4her kennen zu lernen, bietet das allj\u00e4hrlich stattfindende, sehr beliebte\u00a0<a href=\"index.php?page_id=10\" target=\"_blank\" rel=\"noopener noreferrer\">Ruderlager am M\u00f6hnesee<\/a>\u00a0bei Soest. Wir starten in der ersten Woche nach den Sommerferien unter der Leitung des Protektors, wo wir uns besonders um die j\u00fcngeren Sch\u00fcler bem\u00fchen. Diese Woche besteht nicht nur aus sturem Training, sondern bietet Spiel und Spa\u00df rund um Wasser und Boote. Speziell bei der gro\u00dfen Regatta, die spannende Tage verspricht.<\/p><p style=\"text-align: justify;\"><strong>FSR am FWG e.V.<\/strong><\/p><p style=\"text-align: justify;\">Der <a title=\"F\u00f6rderverein f\u00fcr das Sch\u00fclerrudern am FWG\" href=\"index.php?p=331\" target=\"_blank\" rel=\"noopener noreferrer\">F\u00f6rderverein f\u00fcr das Sch\u00fclerrudern am FWG<\/a> (FSR am FWG e.V.) organisiert sich in einem Verband, der es sich zum Ziel gesetzt hat den Verein zu unterst\u00fctzen.\u00a0Der Sch\u00fclerruderverein ist ein wichtiger Baustein des schulischen Lebens unserer Schule. Die Mitgliedsbeitr\u00e4ge decken lediglich die laufenden Kosten f\u00fcr anfallende Wartungsarbeiten usw.. Bei Neuanschaffungen, Ersatzbeschaffungen und Reparaturen sind wir weitgehend auf Spenden angewiesen.<\/p><p style=\"text-align: justify;\">Wenn Sie unsere Arbeit mit Ihren Kindern unterst\u00fctzen m\u00f6chten ist der FSR am FWG genau das Richtige. F\u00fcr Ihre Unterst\u00fctzung danken wir sehr herzlich und hoffen, dass Ihre Kinder auch zuk\u00fcnftig viele sch\u00f6ne Stunden beim Rudern verbringen.<\/p><p style=\"text-align: justify;\">Als Mitglied wirst du den SRV am FWG schnell zu sch\u00e4tzen lernen und daher bleiben viele Abiturienten nach dem Ende ihrer SRV-Zeit dem SRV als F\u00f6rdermitglied f\u00fcr das Sch\u00fclerrudern am FWG erhalten.<\/p><p style=\"text-align: justify;\">Deshalb: Sprecht uns doch einfach mal an, wir stehen euch jederzeit zur Verf\u00fcgung.<\/p><p style=\"text-align: justify;\">Euer Vorstand<\/p>\t\t\t\t\t\t\t\t<\/div>\n\t\t\t\t<\/div>\n\t\t\t\t\t<\/div>\n\t\t<\/div>\n\t\t\t\t\t<\/div>\n\t\t<\/section>\n\t\t\t\t<\/div>\n\t\t","protected":false},"excerpt":{"rendered":"<p>Herzlich willkommen und Ahoi ! Im Folgenden wollen wir Euch und Euren Eltern den Sch\u00fclerruderverein am Friedrich-Wilhelm Gymnasium \u00a0vorstellen und einen Einblick in das Vereinsleben und den Ruderbetrieb geben.Allem vorweg w\u00fcrden wir Euch gerne den Rudersport selbst vorstellen: Rudern ist eine ausgeglichene Sportart f\u00fcr den ganzen K\u00f6rper. In einer netten Gemeinschaft zusammen zu Rudern f\u00f6rdert&hellip;&nbsp;<a href=\"https:\/\/fwg-srv.de\/?page_id=160\" rel=\"bookmark\">Weiterlesen &raquo;<span class=\"screen-reader-text\">\u00dcber uns<\/span><\/a><\/p>\n","protected":false},"author":1,"featured_media":0,"parent":0,"menu_order":3,"comment_status":"closed","ping_status":"closed","template":"","meta":{"neve_meta_sidebar":"","neve_meta_container":"","neve_meta_enable_content_width":"off","neve_meta_content_width":100,"neve_meta_title_alignment":"","neve_meta_author_avatar":"","neve_post_elements_order":"","neve_meta_disable_header":"","neve_meta_disable_footer":"","neve_meta_disable_title":"","_themeisle_gutenberg_block_has_review":false,"jetpack_post_was_ever_published":false,"footnotes":""},"class_list":["post-160","page","type-page","status-publish","hentry"],"jetpack_shortlink":"https:\/\/wp.me\/Pa4eQF-2A","jetpack_sharing_enabled":true,"_links":{"self":[{"href":"https:\/\/fwg-srv.de\/index.php?rest_route=\/wp\/v2\/pages\/160","targetHints":{"allow":["GET"]}}],"collection":[{"href":"https:\/\/fwg-srv.de\/index.php?rest_route=\/wp\/v2\/pages"}],"about":[{"href":"https:\/\/fwg-srv.de\/index.php?rest_route=\/wp\/v2\/types\/page"}],"author":[{"embeddable":true,"href":"https:\/\/fwg-srv.de\/index.php?rest_route=\/wp\/v2\/users\/1"}],"replies":[{"embeddable":true,"href":"https:\/\/fwg-srv.de\/index.php?rest_route=%2Fwp%2Fv2%2Fcomments&post=160"}],"version-history":[{"count":0,"href":"https:\/\/fwg-srv.de\/index.php?rest_route=\/wp\/v2\/pages\/160\/revisions"}],"wp:attachment":[{"href":"https:\/\/fwg-srv.de\/index.php?rest_route=%2Fwp%2Fv2%2Fmedia&parent=160"}],"curies":[{"name":"wp","href":"https:\/\/api.w.org\/{rel}","templated":true}]}}