{"id":1805,"date":"2015-04-08T19:44:38","date_gmt":"2015-04-08T18:44:38","guid":{"rendered":"http:\/\/fwg-srv.de\/neu\/?page_id=1805"},"modified":"2021-12-23T13:43:31","modified_gmt":"2021-12-23T12:43:31","slug":"der-vorstand-des-fsr","status":"publish","type":"page","link":"https:\/\/fwg-srv.de\/?page_id=1805","title":{"rendered":"Vorstand des FSR"},"content":{"rendered":"\t\t<div data-elementor-type=\"wp-page\" data-elementor-id=\"1805\" class=\"elementor elementor-1805\">\n\t\t\t\t\t\t<section class=\"elementor-section elementor-top-section elementor-element elementor-element-1765638a elementor-section-boxed elementor-section-height-default elementor-section-height-default\" data-id=\"1765638a\" data-element_type=\"section\" data-e-type=\"section\" data-settings=\"{&quot;background_background&quot;:&quot;classic&quot;}\">\n\t\t\t\t\t\t<div class=\"elementor-container elementor-column-gap-default\">\n\t\t\t\t\t<div class=\"elementor-column elementor-col-100 elementor-top-column elementor-element elementor-element-30d6270c\" data-id=\"30d6270c\" data-element_type=\"column\" data-e-type=\"column\">\n\t\t\t<div class=\"elementor-widget-wrap elementor-element-populated\">\n\t\t\t\t\t\t<div class=\"elementor-element elementor-element-2e1adf5f elementor-widget elementor-widget-text-editor\" data-id=\"2e1adf5f\" data-element_type=\"widget\" data-e-type=\"widget\" data-widget_type=\"text-editor.default\">\n\t\t\t\t<div class=\"elementor-widget-container\">\n\t\t\t\t\t\t\t\t\t<table class=\"demo\"><thead><tr><th>Jahr<\/th><th>Vorstand<\/th><\/tr><\/thead><tbody><tr><td>28.02.1977<\/td><td>Gr\u00fcndungsversammlung<\/td><\/tr><tr><td>29.02.1977 &#8211; 1982<\/td><td><p>1. Vorsitzender: J\u00fcrgen Teutsch<\/p><p>2. Vorsitzender: Rainer C. Wieck<\/p><p>Kassenwart: Peter Christgau<\/p><\/td><\/tr><tr><td>1982 &#8211; 1990<\/td><td><p>1. Vorsitzender: J\u00fcrgen Teutsch<\/p><p>2. Vorsitzender: Rainer C. Wieck<\/p><p>Kassenwart: Ekkehardt Hansmeyer<\/p><\/td><\/tr><tr><td>1990 &#8211; 1994<\/td><td><p>1. Vorsitzender: Rainer C. Wieck<\/p><p>2. Vorsitzender: Benno Kerling<\/p><p>Kassenwart: Bern Heuveldop<\/p><\/td><\/tr><tr><td>1994 &#8211; 2010<\/td><td><p>1. Vorsitzender: Rainer C. Wieck<\/p><p>2. Vorsitzender: Norbert Schr\u00f6der<\/p><p>Kassenwart: Benno Kerling<\/p><\/td><\/tr><tr><td>2010 &#8211; 2019<\/td><td><p>1. Vorsitzender: Thomas Schaaf<\/p><p>2. Vorsitzender: Christian Esser<\/p><p>Kassenwart: Benno Kerling<\/p><\/td><\/tr><tr><td>Ab 2019<\/td><td><p>1. Vorsitzender: Michael Opladen<\/p><p>2. Vorsitzende: Julia Lauten<\/p><p>Kassenwart: Benno Kerling<\/p><\/td><\/tr><\/tbody><\/table><p>Weitere Informationen zum\u00a0F\u00f6rderverein f\u00fcr das Sch\u00fclerrudern am FWG findet ihr <a title=\"F\u00f6rderverein f\u00fcr das Sch\u00fclerrudern am FWG\" href=\"https:\/\/fwg-srv.de\/?p=331\">hier<\/a>.<\/p>\t\t\t\t\t\t\t\t<\/div>\n\t\t\t\t<\/div>\n\t\t\t\t\t<\/div>\n\t\t<\/div>\n\t\t\t\t\t<\/div>\n\t\t<\/section>\n\t\t\t\t<\/div>\n\t\t","protected":false},"excerpt":{"rendered":"<p>Jahr Vorstand 28.02.1977 Gr\u00fcndungsversammlung 29.02.1977 &#8211; 1982 1. Vorsitzender: J\u00fcrgen Teutsch 2. Vorsitzender: Rainer C. Wieck Kassenwart: Peter Christgau 1982 &#8211; 1990 1. Vorsitzender: J\u00fcrgen Teutsch 2. Vorsitzender: Rainer C. Wieck Kassenwart: Ekkehardt Hansmeyer 1990 &#8211; 1994 1. Vorsitzender: Rainer C. Wieck 2. Vorsitzender: Benno Kerling Kassenwart: Bern Heuveldop 1994 &#8211; 2010 1. Vorsitzender: Rainer&hellip;&nbsp;<a href=\"https:\/\/fwg-srv.de\/?page_id=1805\" rel=\"bookmark\">Weiterlesen &raquo;<span class=\"screen-reader-text\">Vorstand des FSR<\/span><\/a><\/p>\n","protected":false},"author":1,"featured_media":0,"parent":1741,"menu_order":5,"comment_status":"closed","ping_status":"closed","template":"","meta":{"neve_meta_sidebar":"","neve_meta_container":"","neve_meta_enable_content_width":"","neve_meta_content_width":0,"neve_meta_title_alignment":"","neve_meta_author_avatar":"","neve_post_elements_order":"","neve_meta_disable_header":"","neve_meta_disable_footer":"","neve_meta_disable_title":"","_themeisle_gutenberg_block_has_review":false,"footnotes":""},"class_list":["post-1805","page","type-page","status-publish","hentry"],"jetpack_shortlink":"https:\/\/wp.me\/Pa4eQF-t7","jetpack_sharing_enabled":true,"_links":{"self":[{"href":"https:\/\/fwg-srv.de\/index.php?rest_route=\/wp\/v2\/pages\/1805","targetHints":{"allow":["GET"]}}],"collection":[{"href":"https:\/\/fwg-srv.de\/index.php?rest_route=\/wp\/v2\/pages"}],"about":[{"href":"https:\/\/fwg-srv.de\/index.php?rest_route=\/wp\/v2\/types\/page"}],"author":[{"embeddable":true,"href":"https:\/\/fwg-srv.de\/index.php?rest_route=\/wp\/v2\/users\/1"}],"replies":[{"embeddable":true,"href":"https:\/\/fwg-srv.de\/index.php?rest_route=%2Fwp%2Fv2%2Fcomments&post=1805"}],"version-history":[{"count":0,"href":"https:\/\/fwg-srv.de\/index.php?rest_route=\/wp\/v2\/pages\/1805\/revisions"}],"up":[{"embeddable":true,"href":"https:\/\/fwg-srv.de\/index.php?rest_route=\/wp\/v2\/pages\/1741"}],"wp:attachment":[{"href":"https:\/\/fwg-srv.de\/index.php?rest_route=%2Fwp%2Fv2%2Fmedia&parent=1805"}],"curies":[{"name":"wp","href":"https:\/\/api.w.org\/{rel}","templated":true}]}}