{"id":3683,"date":"2018-06-19T15:30:51","date_gmt":"2018-06-19T13:30:51","guid":{"rendered":"https:\/\/fwg-srv.de\/?page_id=3683"},"modified":"2021-12-22T15:48:07","modified_gmt":"2021-12-22T14:48:07","slug":"datenschutz","status":"publish","type":"page","link":"https:\/\/fwg-srv.de\/?page_id=3683","title":{"rendered":"Datenschutzerkl\u00e4rung"},"content":{"rendered":"\t\t<div data-elementor-type=\"wp-page\" data-elementor-id=\"3683\" class=\"elementor elementor-3683\">\n\t\t\t\t\t\t<section class=\"elementor-section elementor-top-section elementor-element elementor-element-cb59d68 elementor-section-boxed elementor-section-height-default elementor-section-height-default\" data-id=\"cb59d68\" data-element_type=\"section\" data-e-type=\"section\" data-settings=\"{&quot;background_background&quot;:&quot;classic&quot;}\">\n\t\t\t\t\t\t<div class=\"elementor-container elementor-column-gap-default\">\n\t\t\t\t\t<div class=\"elementor-column elementor-col-100 elementor-top-column elementor-element elementor-element-1bb18fc9\" data-id=\"1bb18fc9\" data-element_type=\"column\" data-e-type=\"column\">\n\t\t\t<div class=\"elementor-widget-wrap elementor-element-populated\">\n\t\t\t\t\t\t<div class=\"elementor-element elementor-element-6b24df9a elementor-widget elementor-widget-text-editor\" data-id=\"6b24df9a\" data-element_type=\"widget\" data-e-type=\"widget\" data-widget_type=\"text-editor.default\">\n\t\t\t\t<div class=\"elementor-widget-container\">\n\t\t\t\t\t\t\t\t\t<p>Diese Datenschutzerkl\u00e4rung informiert \u00fcber die Verarbeitung personenbezogener Daten auf der Webseite www.fwg-srv.de von:<\/p><p>Homepage des <a title=\"Sch\u00fclerruderverein des Friedrich-Wilhelm Gymnasiums\" href=\"https:\/\/fwg-srv.de\/\" rel=\"home\">Sch\u00fclerruderverein des Friedrich-Wilhelm Gymnasiums<\/a>\u00a0K\u00f6ln<\/p><div class=\"ce_text first block\" data-frontend-helper=\"{\"><p>Severinstrasse 241<br \/>50676 K\u00f6ln<\/p><p>Kontakt:<br \/><a href=\"mailto:webmaster@fwg-srv.de\">webmaster@fwg-srv.de<\/a><\/p><p style=\"text-align: justify;\">Der Sch\u00fclerruderverein am Friedrich-Wilhelm Gymnasium zu K\u00f6ln von 1921 nimmt einen verantwortungsbewussten Umgang mit personenbezogenen Daten sehr ernst. Wir m\u00f6chten, dass Sie wissen, wann wir welche Daten erheben und wie wir sie verwenden.<\/p><p style=\"text-align: justify;\">Wir haben technische und organisatorische Ma\u00dfnahmen getroffen, die sicherstellen, dass die Vorschriften \u00fcber den Datenschutz sowohl von uns als auch von unseren externen Dienstleistern beachtet werden.<\/p><p style=\"text-align: justify;\">Die Nutzung unserer Website ist in der Regel ohne Angabe personenbezogener Daten m\u00f6glich. Soweit auf unseren Seiten personenbezogene Daten (beispielsweise Name, Anschrift oder E-Mail-Adressen) erhoben werden, erfolgt dies, soweit m\u00f6glich, stets auf freiwilliger Basis. Diese Daten werden ohne Ihre ausdr\u00fcckliche Zustimmung nicht an Dritte weitergegeben.<\/p><p style=\"text-align: justify;\">Im Zuge der Weiterentwicklung unserer Webseiten und der Implementierung neuer Technologien k\u00f6nnen \u00c4nderungen dieser Datenschutzerkl\u00e4rung erforderlich werden. Daher empfehlen wir Ihnen, sich diese Datenschutzerkl\u00e4rung ab und zu erneut durchzulesen.<\/p><\/div><div class=\"ce_text block\" data-frontend-helper=\"{\"><h3>Server-Log-Files<\/h3><p>Unser Hosting-Provider 1und1 erhebt und speichert automatisch Informationen in so genannten Server-Log-Files, die Ihr Browser automatisch \u00fcbermittelt. Dies sind:<\/p><ul type=\"disc\"><li>Browsertyp und Browserversion<\/li><li>Verwendetes Betriebssystem<\/li><li>Referrer URL<\/li><li>IP-Adresse und ggf. Hostname des zugreifenden Rechners<\/li><li>Name der abgerufenen Datei und \u00fcbertragene Datenmenge<\/li><li>Datum und Uhrzeit des Abrufs<\/li><li>Meldung, ob der Abruf erfolgreich war<\/li><\/ul><p style=\"text-align: justify;\">Diese Daten k\u00f6nnen nicht bestimmten Personen zugeordnet werden. Eine Zusammenf\u00fchrung dieser Daten mit anderen Datenquellen wird nicht vorgenommen. Wir behalten uns vor, diese Daten nachtr\u00e4glich zu pr\u00fcfen, wenn uns konkrete Anhaltspunkte f\u00fcr eine rechtswidrige Nutzung bekannt werden.<\/p><p>Die Daten werden nach 60 Tagen gel\u00f6scht.<\/p><\/div><div class=\"ce_text block\" data-frontend-helper=\"{\"><h3>Cookies<\/h3><p style=\"text-align: justify;\"><span lang=\"de\">Auf den Seiten\u00a0des Sch\u00fclerrudervereins am Friedrich-Wilhelm Gymnasium zu K\u00f6ln von 1921 werden sogenannte\u00a0<\/span><span lang=\"en-GB\">Cookies<\/span><span lang=\"de\">\u00a0eingesetzt.\u00a0<\/span><span lang=\"en-GB\">Cookies<\/span><span lang=\"de\">\u00a0sind kleine Textdateien, die auf Ihrem Computer gespeichert werden. Wir ben\u00f6tigen sie zum einen zum Betrieb un<\/span><span lang=\"de\">serer Anwendungen und zum anderen dienen sie dazu, unser Angebot benutzerfreundlicher und effektiver zu machen. Diese\u00a0<\/span><span lang=\"en-GB\">Cookies<\/span><span lang=\"de\">\u00a0bleiben nur bis zum Ende der jeweiligen Sitzung g\u00fcltig. Sie k\u00f6nnen die Verwendung von\u00a0<\/span><span lang=\"en-GB\">Cookies<\/span><span lang=\"de\">\u00a0durch eine entsprechende Einstellung Ihres Browsers verhindern. Dies kann jedoch dazu f\u00fchren, dass Sie unsere Internetseite nicht im kompletten Umfang verwenden k\u00f6nnen.<\/span><\/p><\/div><div class=\"ce_text block\" data-frontend-helper=\"{\"><h3>Google Analytics<\/h3><p style=\"text-align: justify;\">Diese Website nutzt Funktionen des Webanalysedienstes Google Analytics. Anbieter ist die Google Inc., 1600 Amphitheatre Parkway Mountain View, CA 94043, USA.<\/p><p style=\"text-align: justify;\">Google Analytics verwendet so genannte \u201eCookies\u201c. Das sind Textdateien, die auf Ihrem Computer gespeichert werden und die eine Analyse der Benutzung der Website durch Sie erm\u00f6glichen. Die durch den Cookie erzeugten Informationen \u00fcber Ihre Benutzung dieser Website werden in der Regel an einen Server von Google in den USA \u00fcbertragen und dort gespeichert.<\/p><p style=\"text-align: justify;\">Die Datenschutzbedingungen von Goolge finden Sie unter\u00a0<a href=\"https:\/\/policies.google.com\/privacy?hl=de\" target=\"_blank\" rel=\"noopener noreferrer\">Datenschutzerkl\u00e4rung von Google<\/a>.<\/p><h4>IP-Anonymisierung<\/h4><p style=\"text-align: justify;\">Wir haben auf dieser Website die Funktion IP-Anonymisierung aktiviert. Dadurch wird Ihre IP-Adresse von Google innerhalb von Mitgliedstaaten der Europ\u00e4ischen Union oder in anderen Vertragsstaaten des Abkommens \u00fcber den Europ\u00e4ischen Wirtschaftsraum vor der \u00dcbermittlung in die USA gek\u00fcrzt. Nur in Ausnahmef\u00e4llen wird die volle IP-Adresse an einen Server von Google in den USA \u00fcbertragen und dort gek\u00fcrzt. Im Auftrag des Betreibers dieser Website wird Google diese Informationen benutzen, um Ihre Nutzung der Website auszuwerten, um Reports \u00fcber die Websiteaktivit\u00e4ten zusammenzustellen und um weitere mit der Websitenutzung und der Internetnutzung verbundene Dienstleistungen gegen\u00fcber dem Websitebetreiber zu erbringen. Die im Rahmen von Google Analytics von Ihrem Browser \u00fcbermittelte IP- Adresse wird nicht mit anderen Daten von Google zusammengef\u00fchrt.<\/p><h4>Browser Plugin<\/h4><p style=\"text-align: justify;\">Sie k\u00f6nnen die Speicherung der Cookies durch eine entsprechende Einstellung Ihrer Browser-Software verhindern; wir weisen Sie jedoch darauf hin, dass Sie in diesem Fall gegebenenfalls nicht s\u00e4mtliche Funktionen dieser Website vollumf\u00e4nglich werden nutzen k\u00f6nnen. Sie k\u00f6nnen dar\u00fcber hinaus die Erfassung der durch den Cookie erzeugten und auf Ihre Nutzung der Website bezogenen Daten (inkl. Ihrer IP-Adresse) an Google sowie die Verarbeitung dieser Daten durch Google verhindern, indem Sie das unter dem folgenden Link verf\u00fcgbare Browser-Plugin herunterladen und installieren:\u00a0<a href=\"https:\/\/tools.google.com\/dlpage\/gaoptout?hl=de\" target=\"_blank\" rel=\"noopener noreferrer\">tools.google.com\/dlpage\/gaoptout?hl=de<\/a><\/p><h4>Widerspruch gegen Datenerfassung<\/h4><p style=\"text-align: justify;\">Sie k\u00f6nnen die Erfassung Ihrer Daten durch Google Analytics verhindern, indem Sie auf folgenden Link klicken. Es wird ein Opt-Out-Cookie gesetzt, der die Erfassung Ihrer Daten bei zuk\u00fcnftigen Besuchen dieser Website verhindert:\u00a0<a href=\"https:\/\/www.krv77.de\/#\">Google Analytics deaktivieren<\/a><\/p><p style=\"text-align: justify;\">Mehr Informationen zum Umgang mit Nutzerdaten bei Google Analytics finden Sie in der Datenschutzerkl\u00e4rung von Google:\u00a0<a href=\"https:\/\/support.google.com\/analytics\/answer\/6004245?hl=de\" target=\"_blank\" rel=\"noopener noreferrer\">support.google.com\/analytics\/answer\/6004245?hl=de<\/a><\/p><\/div><div class=\"ce_text block\" data-frontend-helper=\"{\"><h3>Google Maps<\/h3><p style=\"text-align: justify;\">Diese Webseite des Sch\u00fclerrudervereins am Friedrich-Wilhelm Gymnasium zu K\u00f6ln von 1921 verwendet das Produkt Google Maps von Google Inc., um geografische Informationen visuell darzustellen. Bei der Nutzung von Google Maps werden von Google auch Daten \u00fcber die Nutzung der Maps-Funktionen durch Besucher der Webseiten erhoben, verarbeitet und genutzt.<\/p><p style=\"text-align: justify;\">Die Nutzungsbedingungen von Google Maps finden Sie unter\u00a0<a href=\"https:\/\/www.google.com\/intl\/de_de\/help\/terms_maps.html\" target=\"_blank\" rel=\"noopener noreferrer\">Nutzungsbedingungen von Google Maps<\/a>.<\/p><p style=\"text-align: justify;\">Die Datenschutzbedingungen von Google finden Sie unter\u00a0<a href=\"https:\/\/policies.google.com\/privacy?hl=de\" target=\"_blank\" rel=\"noopener noreferrer\">Datenschutzerkl\u00e4rung von Google<\/a>.<\/p><\/div><div class=\"ce_text block\" data-frontend-helper=\"{\"><h3>E-Mailing und sonstige Kontakte<\/h3><p style=\"text-align: justify;\">Ihre Anfragen an den Sch\u00fclerruderverein am Friedrich-Wilhelm Gymnasium zu K\u00f6ln von 1921 werden in Papier oder elektronischer Form gem\u00e4\u00df den f\u00fcr die Aufbewahrung von Schriftgut geltenden Fristen aufbewahrt. Die Verwendung Ihrer Daten erfolgt ausschlie\u00dflich f\u00fcr die unmittelbare Korrespondenz mit Ihnen.<\/p><\/div><div class=\"ce_text block\" data-frontend-helper=\"{\"><h3>Weitergabe personenbezogener Daten an Dritte<\/h3><p style=\"text-align: justify;\">Daten, die beim Zugriff auf das Internetangebot\u00a0des Sch\u00fclerrudervereins am Friedrich-Wilhelm Gymnasium zu K\u00f6ln von 1921 protokolliert wurden, werden an Dritte nur \u00fcbermittelt, soweit wir gesetzlich oder durch Gerichtsentscheidung dazu verpflichtet sind oder dies im Falle von Angriffen auf die Internetinfrastruktur zur Rechts- oder Strafverfolgung erforderlich ist.<br \/>Eine Weitergabe an Dritte, zu kommerziellen oder nichtkommerziellen Zwecken, findet dar\u00fcber hinaus ohne Ihre ausdr\u00fcckliche Einwilligung nicht statt.<\/p><\/div><div class=\"ce_text block\" data-frontend-helper=\"{\"><h3>Minderj\u00e4hrigenschutz<\/h3><p style=\"text-align: justify;\">Personen unter 18 Jahren sollten ohne Zustimmung der Eltern oder Erziehungsberechtigten keine personenbezogenen Daten an uns \u00fcbermitteln. Wir fordern keine personenbezogenen Daten von Kindern und Jugendlichen an. Wissentlich sammeln wir solche Daten nicht und geben sie auch nicht an Dritte weiter.<\/p><\/div><div class=\"ce_text block\" data-frontend-helper=\"{\"><h3>Recht auf Auskunft, L\u00f6schung, Sperrung<\/h3><p style=\"text-align: justify;\">Sie haben jederzeit das Recht auf unentgeltliche Auskunft \u00fcber Ihre gespeicherten personenbezogenen Daten, deren Herkunft und Empf\u00e4nger und den Zweck der Datenverarbeitung sowie ein Recht auf Berichtigung, Sperrung oder L\u00f6schung dieser Daten. Hierzu sowie zu weiteren Fragen zum Thema personenbezogene Daten k\u00f6nnen Sie sich jederzeit unter der im Impressum angegebenen Adresse an uns wenden.<\/p><\/div><div class=\"ce_text block\" data-frontend-helper=\"{\"><h3>Links zu Webseiten anderer Anbieter<\/h3><p>Unser Online-Angebot enth\u00e4lt Links zu Webseiten anderer Anbieter. Wir haben keinen Einfluss darauf, dass diese Anbieter die Datenschutzbestimmungen einhalten.<\/p><\/div><div class=\"ce_text last block\" data-frontend-helper=\"{\"><p>Stand: November 2021<\/p><\/div>\t\t\t\t\t\t\t\t<\/div>\n\t\t\t\t<\/div>\n\t\t\t\t\t<\/div>\n\t\t<\/div>\n\t\t\t\t\t<\/div>\n\t\t<\/section>\n\t\t\t\t<\/div>\n\t\t","protected":false},"excerpt":{"rendered":"<p>Diese Datenschutzerkl\u00e4rung informiert \u00fcber die Verarbeitung personenbezogener Daten auf der Webseite www.fwg-srv.de von: Homepage des Sch\u00fclerruderverein des Friedrich-Wilhelm Gymnasiums\u00a0K\u00f6ln Severinstrasse 24150676 K\u00f6ln Kontakt:webmaster@fwg-srv.de Der Sch\u00fclerruderverein am Friedrich-Wilhelm Gymnasium zu K\u00f6ln von 1921 nimmt einen verantwortungsbewussten Umgang mit personenbezogenen Daten sehr ernst. Wir m\u00f6chten, dass Sie wissen, wann wir welche Daten erheben und wie wir sie&hellip;&nbsp;<a href=\"https:\/\/fwg-srv.de\/?page_id=3683\" rel=\"bookmark\">Weiterlesen &raquo;<span class=\"screen-reader-text\">Datenschutzerkl\u00e4rung<\/span><\/a><\/p>\n","protected":false},"author":1,"featured_media":0,"parent":46,"menu_order":0,"comment_status":"closed","ping_status":"closed","template":"","meta":{"neve_meta_sidebar":"","neve_meta_container":"","neve_meta_enable_content_width":"","neve_meta_content_width":0,"neve_meta_title_alignment":"","neve_meta_author_avatar":"","neve_post_elements_order":"","neve_meta_disable_header":"","neve_meta_disable_footer":"","neve_meta_disable_title":"","_themeisle_gutenberg_block_has_review":false,"jetpack_post_was_ever_published":false,"footnotes":""},"class_list":["post-3683","page","type-page","status-publish","hentry"],"jetpack_shortlink":"https:\/\/wp.me\/Pa4eQF-Xp","jetpack_sharing_enabled":true,"_links":{"self":[{"href":"https:\/\/fwg-srv.de\/index.php?rest_route=\/wp\/v2\/pages\/3683","targetHints":{"allow":["GET"]}}],"collection":[{"href":"https:\/\/fwg-srv.de\/index.php?rest_route=\/wp\/v2\/pages"}],"about":[{"href":"https:\/\/fwg-srv.de\/index.php?rest_route=\/wp\/v2\/types\/page"}],"author":[{"embeddable":true,"href":"https:\/\/fwg-srv.de\/index.php?rest_route=\/wp\/v2\/users\/1"}],"replies":[{"embeddable":true,"href":"https:\/\/fwg-srv.de\/index.php?rest_route=%2Fwp%2Fv2%2Fcomments&post=3683"}],"version-history":[{"count":0,"href":"https:\/\/fwg-srv.de\/index.php?rest_route=\/wp\/v2\/pages\/3683\/revisions"}],"up":[{"embeddable":true,"href":"https:\/\/fwg-srv.de\/index.php?rest_route=\/wp\/v2\/pages\/46"}],"wp:attachment":[{"href":"https:\/\/fwg-srv.de\/index.php?rest_route=%2Fwp%2Fv2%2Fmedia&parent=3683"}],"curies":[{"name":"wp","href":"https:\/\/api.w.org\/{rel}","templated":true}]}}