{"id":5764,"date":"2021-07-06T13:28:17","date_gmt":"2021-07-06T11:28:17","guid":{"rendered":"https:\/\/fwg-srv.de\/?page_id=5764"},"modified":"2024-08-09T13:42:46","modified_gmt":"2024-08-09T11:42:46","slug":"verein","status":"publish","type":"page","link":"https:\/\/fwg-srv.de\/?page_id=5764","title":{"rendered":"Verein"},"content":{"rendered":"\t\t<div data-elementor-type=\"wp-page\" data-elementor-id=\"5764\" class=\"elementor elementor-5764\">\n\t\t\t\t\t\t<section class=\"elementor-section elementor-top-section elementor-element elementor-element-15e3968b elementor-section-boxed elementor-section-height-default elementor-section-height-default\" data-id=\"15e3968b\" data-element_type=\"section\" data-e-type=\"section\" data-settings=\"{&quot;background_background&quot;:&quot;classic&quot;}\">\n\t\t\t\t\t\t\t<div class=\"elementor-background-overlay\"><\/div>\n\t\t\t\t\t\t\t<div class=\"elementor-container elementor-column-gap-default\">\n\t\t\t\t\t<div class=\"elementor-column elementor-col-100 elementor-top-column elementor-element elementor-element-12908f51\" data-id=\"12908f51\" data-element_type=\"column\" data-e-type=\"column\">\n\t\t\t<div class=\"elementor-widget-wrap elementor-element-populated\">\n\t\t\t\t\t\t<div class=\"elementor-element elementor-element-369d678f elementor-widget elementor-widget-text-editor\" data-id=\"369d678f\" data-element_type=\"widget\" data-e-type=\"widget\" data-widget_type=\"text-editor.default\">\n\t\t\t\t<div class=\"elementor-widget-container\">\n\t\t\t\t\t\t\t\t\t<p><span style=\"color: #000000;\">Der Sch\u00fclerruderverein am Friedrich-Wilhelm-Gymnasium zu K\u00f6ln von 1921 ist einer der gr\u00f6\u00dften Sch\u00fclerrudervereine in Deutschland. \u00dcber 100 Sch\u00fclerinnen und Sch\u00fcler widmen sich am Decksteiner Weiher und am Rhein in Rodenkirchen allen Facetten des Rudersports.<\/span><\/p><ul><li><a href=\"https:\/\/fwg-srv.de\/?page_id=160\">\u00dcber uns<\/a><\/li><li><a href=\"https:\/\/fwg-srv.de\/?page_id=183\">Bilder<\/a><\/li><li><a href=\"https:\/\/fwg-srv.de\/?page_id=4823\">SRV E-Mail Verteiler<\/a><\/li><li><a href=\"https:\/\/fwg-srv.de\/?page_id=10\">Fahrten<\/a><\/li><li><a href=\"https:\/\/fwg-srv.de\/?page_id=7\">Reviere<\/a><\/li><li><a href=\"https:\/\/wp.me\/Pa4eQF-1c2\">Ruderbedinungen\/ Wetter<\/a><\/li><li><a href=\"https:\/\/fwg-srv.de\/?page_id=12\">Downloads<\/a><\/li><li><a href=\"https:\/\/fwg-srv.de\/?p=331\">F\u00f6rderverein f\u00fcr das Sch\u00fclerrudern am FWG<\/a><\/li><li><a href=\"https:\/\/fwg-srv.de\/?page_id=1741\">Geschichte<\/a><ul><li><a href=\"https:\/\/fwg-srv.de\/?page_id=1312\">Vorsitzende des SRVs<\/a><\/li><li><a href=\"https:\/\/fwg-srv.de\/?page_id=1745\">Protektoren des SRVs<\/a><\/li><li><a href=\"https:\/\/fwg-srv.de\/?page_id=1750\">Boote des SRVs<\/a><\/li><li><a href=\"https:\/\/fwg-srv.de\/?page_id=1805\">Vorstand des FSRs<\/a><\/li><li><a href=\"https:\/\/fwg-srv.de\/?page_id=1756\">Chronik des SRVs<\/a><\/li><li><a href=\"https:\/\/fwg-srv.de\/?page_id=1954\">Odysee Ausgaben<\/a><\/li><\/ul><\/li><\/ul>\t\t\t\t\t\t\t\t<\/div>\n\t\t\t\t<\/div>\n\t\t\t\t\t<\/div>\n\t\t<\/div>\n\t\t\t\t\t<\/div>\n\t\t<\/section>\n\t\t\t\t<\/div>\n\t\t","protected":false},"excerpt":{"rendered":"<p>Der Sch\u00fclerruderverein am Friedrich-Wilhelm-Gymnasium zu K\u00f6ln von 1921 ist einer der gr\u00f6\u00dften Sch\u00fclerrudervereine in Deutschland. \u00dcber 100 Sch\u00fclerinnen und Sch\u00fcler widmen sich am Decksteiner Weiher und am Rhein in Rodenkirchen allen Facetten des Rudersports. \u00dcber uns Bilder SRV E-Mail Verteiler Fahrten Reviere Ruderbedinungen\/ Wetter Downloads F\u00f6rderverein f\u00fcr das Sch\u00fclerrudern am FWG Geschichte Vorsitzende des SRVs&hellip;&nbsp;<a href=\"https:\/\/fwg-srv.de\/?page_id=5764\" rel=\"bookmark\">Weiterlesen &raquo;<span class=\"screen-reader-text\">Verein<\/span><\/a><\/p>\n","protected":false},"author":1,"featured_media":0,"parent":0,"menu_order":0,"comment_status":"closed","ping_status":"closed","template":"","meta":{"neve_meta_sidebar":"","neve_meta_container":"","neve_meta_enable_content_width":"off","neve_meta_content_width":100,"neve_meta_title_alignment":"","neve_meta_author_avatar":"","neve_post_elements_order":"","neve_meta_disable_header":"","neve_meta_disable_footer":"","neve_meta_disable_title":"","_themeisle_gutenberg_block_has_review":false,"jetpack_post_was_ever_published":false,"footnotes":""},"class_list":["post-5764","page","type-page","status-publish","hentry"],"jetpack_shortlink":"https:\/\/wp.me\/Pa4eQF-1uY","jetpack_sharing_enabled":true,"_links":{"self":[{"href":"https:\/\/fwg-srv.de\/index.php?rest_route=\/wp\/v2\/pages\/5764","targetHints":{"allow":["GET"]}}],"collection":[{"href":"https:\/\/fwg-srv.de\/index.php?rest_route=\/wp\/v2\/pages"}],"about":[{"href":"https:\/\/fwg-srv.de\/index.php?rest_route=\/wp\/v2\/types\/page"}],"author":[{"embeddable":true,"href":"https:\/\/fwg-srv.de\/index.php?rest_route=\/wp\/v2\/users\/1"}],"replies":[{"embeddable":true,"href":"https:\/\/fwg-srv.de\/index.php?rest_route=%2Fwp%2Fv2%2Fcomments&post=5764"}],"version-history":[{"count":0,"href":"https:\/\/fwg-srv.de\/index.php?rest_route=\/wp\/v2\/pages\/5764\/revisions"}],"wp:attachment":[{"href":"https:\/\/fwg-srv.de\/index.php?rest_route=%2Fwp%2Fv2%2Fmedia&parent=5764"}],"curies":[{"name":"wp","href":"https:\/\/api.w.org\/{rel}","templated":true}]}}